{"id":53,"date":"2017-01-13T22:35:39","date_gmt":"2017-01-13T21:35:39","guid":{"rendered":"http:\/\/thiel17.das-ende-vom-internet.de\/?page_id=53"},"modified":"2019-01-30T22:07:07","modified_gmt":"2019-01-30T21:07:07","slug":"start","status":"publish","type":"page","link":"https:\/\/www.sebastianthiel.net\/","title":{"rendered":"Herzlich Willkommen"},"content":{"rendered":"\n<div class=\"wp-block-image\"><figure class=\"alignleft is-resized\"><img decoding=\"async\" loading=\"lazy\" src=\"https:\/\/sebastianthiel.net\/wp-content\/uploads\/2016\/01\/mainpage-678x1024.jpeg\" alt=\"\" class=\"wp-image-60\" width=\"160\" height=\"300\"\/><\/figure><\/div>\n\n\n\n<p>Auf meiner Webseite erfahrt Ihr mehr \u00fcber mich, meine T\u00e4tigkeit als Autor und meine Geschichten. <\/p>\n\n\n\n<p>Den Men\u00fcpunkt Neuigkeiten versuche ich so aktuell wie m\u00f6glich zu halten. Hier schreibe ich \u00fcber die Verlagswelt und gebe ab und zu Wasserstandsmeldungen von Projekten ab.<\/p>\n\n\n\n<p>Vielen Dank, dass ihr vorbei schaut und jetzt viel Spa\u00df beim St\u00f6bern!<\/p>\n\n\n\n<div style=\"height:100px\" aria-hidden=\"true\" class=\"wp-block-spacer\"><\/div>\n\n\n\n<h2 class=\"wp-block-heading\">Neueste Beitr\u00e4ge<\/h2>\n\n\n<div class=\"display-posts-listing\"><div class=\"listing-item\"><a class=\"title\" href=\"https:\/\/www.sebastianthiel.net\/index.php\/2025\/04\/02\/der-neue-sylt-teil-das-grosse-promi-sterben\/\">Der neue Sylt-Teil &#8222;Das gro\u00dfe Promi-Sterben&#8220;<\/a> <span class=\"date\">April 2, 2025<\/span><span class=\"excerpt-dash\">-<\/span> <span class=\"excerpt\">Endlich erschienen &#8211; der dritte Teil der Lene Cornelsen-Reihe &#8222;Das gro\u00dfe Promi-Sterben&#8220;. Wer schon immer wissen wollte, was passiert, wenn einfach alles in der einer Reality-Show schiefgeht, ist hier genau richtig. Leseproben und Cover gibt es hier zu finden. Viel Spa\u00df beim Lesen!<\/span><\/div><\/div>\n\n\n\n<div style=\"height:20px\" aria-hidden=\"true\" class=\"wp-block-spacer\"><\/div>\n\n\n<div class=\"display-posts-listing\"><div class=\"listing-item\"><a class=\"title\" href=\"https:\/\/www.sebastianthiel.net\/index.php\/2025\/01\/23\/2-auflage-von-syltfluch\/\">2. Auflage von &#8218;Syltfluch&#8216;<\/a> <span class=\"date\">Januar 23, 2025<\/span><span class=\"excerpt-dash\">-<\/span> <span class=\"excerpt\">Kurz bevor der dritte Teil von Lene Cornelsens Sylt-Reihe &#8222;Das gro\u00dfe Promi-Sterben&#8220; erscheint, erhielt ich heute die tolle Nachricht, dass &#8218;Syltfluch&#8216; in die zweite Auflage geht. Vielen Dank daf\u00fcr! Nat\u00fcrlich m\u00f6chte ich zur Feier des Tages ein Gewinnspiel veranstalten und lade euch herzlich ein, meinen Instagram-Account &#8222;sebastianthiel_autor&#8220; zu besuchen. Dort k\u00f6nnt ihr drei signierte Exemplare [&hellip;]<\/span><\/div><\/div>\n\n\n\n<p><\/p>\n","protected":false},"excerpt":{"rendered":"<p>Auf meiner Webseite erfahrt Ihr mehr \u00fcber mich, meine T\u00e4tigkeit als Autor und meine Geschichten. Den Men\u00fcpunkt Neuigkeiten versuche ich so aktuell wie m\u00f6glich zu halten. Hier schreibe ich \u00fcber die Verlagswelt und gebe ab und zu Wasserstandsmeldungen von Projekten ab. Vielen Dank, dass ihr vorbei schaut und jetzt viel Spa\u00df beim St\u00f6bern! Neueste Beitr\u00e4ge<\/p>\n","protected":false},"author":1,"featured_media":0,"parent":0,"menu_order":0,"comment_status":"closed","ping_status":"closed","template":"","meta":[],"_links":{"self":[{"href":"https:\/\/www.sebastianthiel.net\/index.php\/wp-json\/wp\/v2\/pages\/53"}],"collection":[{"href":"https:\/\/www.sebastianthiel.net\/index.php\/wp-json\/wp\/v2\/pages"}],"about":[{"href":"https:\/\/www.sebastianthiel.net\/index.php\/wp-json\/wp\/v2\/types\/page"}],"author":[{"embeddable":true,"href":"https:\/\/www.sebastianthiel.net\/index.php\/wp-json\/wp\/v2\/users\/1"}],"replies":[{"embeddable":true,"href":"https:\/\/www.sebastianthiel.net\/index.php\/wp-json\/wp\/v2\/comments?post=53"}],"version-history":[{"count":3,"href":"https:\/\/www.sebastianthiel.net\/index.php\/wp-json\/wp\/v2\/pages\/53\/revisions"}],"predecessor-version":[{"id":351,"href":"https:\/\/www.sebastianthiel.net\/index.php\/wp-json\/wp\/v2\/pages\/53\/revisions\/351"}],"wp:attachment":[{"href":"https:\/\/www.sebastianthiel.net\/index.php\/wp-json\/wp\/v2\/media?parent=53"}],"curies":[{"name":"wp","href":"https:\/\/api.w.org\/{rel}","templated":true}]}}