{"id":23,"date":"2017-01-13T22:21:13","date_gmt":"2017-01-13T21:21:13","guid":{"rendered":"http:\/\/thiel17.das-ende-vom-internet.de\/?page_id=23"},"modified":"2017-01-13T22:21:13","modified_gmt":"2017-01-13T21:21:13","slug":"neuigkeiten","status":"publish","type":"page","link":"https:\/\/www.sebastianthiel.net\/index.php\/neuigkeiten\/","title":{"rendered":"Neuigkeiten"},"content":{"rendered":"<div class=\"display-posts-listing\"><div class=\"listing-item\"><a class=\"title\" href=\"https:\/\/www.sebastianthiel.net\/index.php\/2025\/04\/02\/der-neue-sylt-teil-das-grosse-promi-sterben\/\">Der neue Sylt-Teil &#8222;Das gro\u00dfe Promi-Sterben&#8220;<\/a> <span class=\"date\">April 2, 2025<\/span><span class=\"excerpt-dash\">-<\/span> <span class=\"excerpt\">Endlich erschienen &#8211; der dritte Teil der Lene Cornelsen-Reihe &#8222;Das gro\u00dfe Promi-Sterben&#8220;. Wer schon immer wissen wollte, was passiert, wenn einfach alles in der einer Reality-Show schiefgeht, ist hier genau richtig. Leseproben und Cover gibt es hier zu finden. Viel Spa\u00df beim Lesen!<\/span><\/div><\/div>\n\n\n\n<div style=\"height:20px\" aria-hidden=\"true\" class=\"wp-block-spacer\"><\/div>\n\n\n<div class=\"display-posts-listing\"><div class=\"listing-item\"><a class=\"title\" href=\"https:\/\/www.sebastianthiel.net\/index.php\/2025\/01\/23\/2-auflage-von-syltfluch\/\">2. Auflage von &#8218;Syltfluch&#8216;<\/a> <span class=\"date\">Januar 23, 2025<\/span><span class=\"excerpt-dash\">-<\/span> <span class=\"excerpt\">Kurz bevor der dritte Teil von Lene Cornelsens Sylt-Reihe &#8222;Das gro\u00dfe Promi-Sterben&#8220; erscheint, erhielt ich heute die tolle Nachricht, dass &#8218;Syltfluch&#8216; in die zweite Auflage geht. Vielen Dank daf\u00fcr! Nat\u00fcrlich m\u00f6chte ich zur Feier des Tages ein Gewinnspiel veranstalten und lade euch herzlich ein, meinen Instagram-Account &#8222;sebastianthiel_autor&#8220; zu besuchen. Dort k\u00f6nnt ihr drei signierte Exemplare [&hellip;]<\/span><\/div><\/div>\n\n\n\n<div style=\"height:20px\" aria-hidden=\"true\" class=\"wp-block-spacer\"><\/div>\n\n\n<div class=\"display-posts-listing\"><div class=\"listing-item\"><a class=\"title\" href=\"https:\/\/www.sebastianthiel.net\/index.php\/2024\/03\/10\/sylt-legende\/\">Sylt-Legende<\/a> <span class=\"date\">M\u00e4rz 10, 2024<\/span><span class=\"excerpt-dash\">-<\/span> <span class=\"excerpt\">Als H\u00f6rbuch, Print und eBook ab heute im Handel! Ich freue mich wirklich riesig, endlich den neuen Fall von &#8222;Lene Cornelsen&#8220; in den eigenen H\u00e4nden zu halten. Und nat\u00fcrlich wird es dazu auch das ein oder andere Gewinnspiel geben.<\/span><\/div><\/div>\n\n\n\n<div style=\"height:20px\" aria-hidden=\"true\" class=\"wp-block-spacer\"><\/div>\n\n\n<div class=\"display-posts-listing\"><div class=\"listing-item\"><a class=\"title\" href=\"https:\/\/www.sebastianthiel.net\/index.php\/2024\/01\/28\/gewinnspiel-zum-erscheinungstag-von-dunkles-schweigen\/\">Gewinnspiel zum Erscheinungstag von DUNKLES SCHWEIGEN!<\/a> <span class=\"date\">Januar 28, 2024<\/span><span class=\"excerpt-dash\">-<\/span> <span class=\"excerpt\">Nat\u00fcrlich gibt es zu DUNKLES SCHWEIGEN auch eine kleine Verlosung. Ihr wollt eins der f\u00fcnf ebooks gewinnen? Geht einfach auf meine Instagramm Seite. Viel Gl\u00fcck, ich dr\u00fccke die Daumen!<\/span><\/div><\/div>\n\n\n\n<div style=\"height:20px\" aria-hidden=\"true\" class=\"wp-block-spacer\"><\/div>\n\n\n<div class=\"display-posts-listing\"><div class=\"listing-item\"><a class=\"title\" href=\"https:\/\/www.sebastianthiel.net\/index.php\/2024\/01\/17\/dunkles-schweigen-ab-jetzt-im-handel\/\">DUNKLES SCHWEIGEN &#8211; ab jetzt im Handel!<\/a> <span class=\"date\">Januar 17, 2024<\/span><span class=\"excerpt-dash\">-<\/span> <span class=\"excerpt\">Ab heute gibt es die Neuauflage &#8222;DUNKLES SCHWEIGEN&#8220; als ebook zu kaufen. Wenn ihr einer der ersten sein wollt, der den Roman liest, einfach hier klicken und runterladen. Viel Spa\u00df!<\/span><\/div><\/div>\n\n\n\n<p><\/p>\n","protected":false},"excerpt":{"rendered":"","protected":false},"author":1,"featured_media":0,"parent":0,"menu_order":0,"comment_status":"closed","ping_status":"closed","template":"","meta":[],"_links":{"self":[{"href":"https:\/\/www.sebastianthiel.net\/index.php\/wp-json\/wp\/v2\/pages\/23"}],"collection":[{"href":"https:\/\/www.sebastianthiel.net\/index.php\/wp-json\/wp\/v2\/pages"}],"about":[{"href":"https:\/\/www.sebastianthiel.net\/index.php\/wp-json\/wp\/v2\/types\/page"}],"author":[{"embeddable":true,"href":"https:\/\/www.sebastianthiel.net\/index.php\/wp-json\/wp\/v2\/users\/1"}],"replies":[{"embeddable":true,"href":"https:\/\/www.sebastianthiel.net\/index.php\/wp-json\/wp\/v2\/comments?post=23"}],"version-history":[{"count":0,"href":"https:\/\/www.sebastianthiel.net\/index.php\/wp-json\/wp\/v2\/pages\/23\/revisions"}],"wp:attachment":[{"href":"https:\/\/www.sebastianthiel.net\/index.php\/wp-json\/wp\/v2\/media?parent=23"}],"curies":[{"name":"wp","href":"https:\/\/api.w.org\/{rel}","templated":true}]}}